{"id":2870,"date":"2026-04-03T22:41:44","date_gmt":"2026-04-03T22:41:44","guid":{"rendered":"https:\/\/amidci.org\/?page_id=2870"},"modified":"2026-04-03T23:38:05","modified_gmt":"2026-04-03T23:38:05","slug":"aviso-de-privacidad","status":"publish","type":"page","link":"https:\/\/amidci.org\/?page_id=2870","title":{"rendered":"Aviso de privacidad"},"content":{"rendered":"<p>AVISO DE PRIVACIDAD INTEGRAL \u2013 AMIDCI<br \/>\n1. Identidad y Domicilio del Responsable<br \/>\nLa Asociaci\u00f3n Mexicana de Investigadores Digitales (AMIDCI), con domicilio en Chalco estado de M\u00e9xico, es responsable del uso y protecci\u00f3n de sus datos personales.<br \/>\n2. Datos Personales que recabamos<br \/>\nPara llevar a cabo las finalidades descritas en este aviso, utilizaremos las siguientes categor\u00edas de datos:<br \/>\nIdentificaci\u00f3n: Nombre completo, identificaci\u00f3n oficial, CURP.<br \/>\nContacto: Correo electr\u00f3nico, tel\u00e9fono fijo o celular, domicilio.<br \/>\nAcad\u00e9micos\/Profesionales: Grado de estudios, n\u00famero de c\u00e9dula profesional, trayectoria laboral (para certificaciones y membres\u00edas).<br \/>\nDatos de Facturaci\u00f3n: RFC, r\u00e9gimen fiscal y domicilio fiscal.<br \/>\nDatos Sensibles: En el caso de peritajes forenses, se podr\u00e1n tratar datos contenidos en dispositivos digitales que el titular proporcione voluntariamente para su an\u00e1lisis, los cuales ser\u00e1n tratados bajo estrictos protocolos de confidencialidad.<br \/>\n3. Finalidades del Tratamiento<br \/>\nLos datos ser\u00e1n utilizados para:<br \/>\nPrimarias (Necesarias): Registro de miembros, inscripci\u00f3n a cursos y talleres, prestaci\u00f3n de servicios de peritaje inform\u00e1tico, emisi\u00f3n de constancias con valor curricular, facturaci\u00f3n y cobranza.<br \/>\nSecundarias (Adicionales): Env\u00edo de boletines informativos sobre ciberseguridad, promociones en formaci\u00f3n acad\u00e9mica y difusi\u00f3n de eventos de la asociaci\u00f3n. (Si no desea recibir estos mensajes, puede solicitarlo en cualquier momento).<br \/>\n4. Transferencia de Datos<br \/>\nAMIDCI informa que no realiza transferencias de datos personales a terceros, salvo aquellas excepciones previstas en la Ley (autoridades judiciales en caso de requerimiento legal o procesos de certificaci\u00f3n acad\u00e9mica ante autoridades educativas).<br \/>\n5. Derechos ARCO<br \/>\nUsted tiene derecho a conocer qu\u00e9 datos tenemos de usted (Acceso), solicitar su correcci\u00f3n (Rectificaci\u00f3n), eliminarlos de nuestros registros (Cancelaci\u00f3n) u oponerse al uso de los mismos para fines espec\u00edficos (Oposici\u00f3n).<br \/>\nPara ejercer estos derechos, debe enviar una solicitud escrita al correo: contacto@amidci.org<br \/>\n6. Uso de Cookies<br \/>\nLe informamos que en nuestra p\u00e1gina de internet utilizamos cookies y otras tecnolog\u00edas para monitorear su comportamiento como usuario de internet y brindarle un mejor servicio y experiencia al navegar en nuestra p\u00e1gina.<br \/>\n7. Cambios al Aviso de Privacidad<br \/>\nEl presente aviso de privacidad puede sufrir modificaciones o actualizaciones derivadas de nuevos requerimientos legales o de nuestras propias necesidades. Los cambios ser\u00e1n publicados en nuestro sitio web: https:\/\/amidci.org.<br \/>\n\u00daltima actualizaci\u00f3n: 03\/04\/2026<\/p>\n","protected":false},"excerpt":{"rendered":"<p>AVISO DE PRIVACIDAD INTEGRAL \u2013 AMIDCI 1. Identidad y Domicilio del Responsable La Asociaci\u00f3n Mexicana de Investigadores Digitales (AMIDCI), con domicilio en Chalco estado de M\u00e9xico, es responsable del uso y protecci\u00f3n de sus datos personales. 2. Datos Personales que recabamos Para llevar a cabo las finalidades descritas en este aviso, utilizaremos las siguientes categor\u00edas &hellip;<\/p>\n<p class=\"read-more\"> <a class=\"\" href=\"https:\/\/amidci.org\/?page_id=2870\"> <span class=\"screen-reader-text\">Aviso de privacidad<\/span> Leer m\u00e1s &raquo;<\/a><\/p>\n","protected":false},"author":1,"featured_media":0,"parent":0,"menu_order":0,"comment_status":"closed","ping_status":"closed","template":"","meta":{"_eb_attr":"","site-sidebar-layout":"no-sidebar","site-content-layout":"page-builder","ast-site-content-layout":"full-width-container","site-content-style":"default","site-sidebar-style":"default","ast-global-header-display":"","ast-banner-title-visibility":"","ast-main-header-display":"","ast-hfb-above-header-display":"","ast-hfb-below-header-display":"","ast-hfb-mobile-header-display":"","site-post-title":"disabled","ast-breadcrumbs-content":"","ast-featured-img":"disabled","footer-sml-layout":"","theme-transparent-header-meta":"","adv-header-id-meta":"","stick-header-meta":"","header-above-stick-meta":"","header-main-stick-meta":"","header-below-stick-meta":"","astra-migrate-meta-layouts":"set","footnotes":""},"yoast_head":"<!-- This site is optimized with the Yoast SEO plugin v22.1 - https:\/\/yoast.com\/wordpress\/plugins\/seo\/ -->\n<title>Aviso de privacidad - Asociaci\u00f3n Mexicana De Investigadores Digitales de Ciberseguridad en Internet.<\/title>\n<meta name=\"robots\" content=\"index, follow, max-snippet:-1, max-image-preview:large, max-video-preview:-1\" \/>\n<link rel=\"canonical\" href=\"https:\/\/amidci.org\/?page_id=2870\" \/>\n<meta property=\"og:locale\" content=\"es_MX\" \/>\n<meta property=\"og:type\" content=\"article\" \/>\n<meta property=\"og:title\" content=\"Aviso de privacidad - Asociaci\u00f3n Mexicana De Investigadores Digitales de Ciberseguridad en Internet.\" \/>\n<meta property=\"og:description\" content=\"AVISO DE PRIVACIDAD INTEGRAL \u2013 AMIDCI 1. Identidad y Domicilio del Responsable La Asociaci\u00f3n Mexicana de Investigadores Digitales (AMIDCI), con domicilio en Chalco estado de M\u00e9xico, es responsable del uso y protecci\u00f3n de sus datos personales. 2. Datos Personales que recabamos Para llevar a cabo las finalidades descritas en este aviso, utilizaremos las siguientes categor\u00edas &hellip; Aviso de privacidad Leer m\u00e1s &raquo;\" \/>\n<meta property=\"og:url\" content=\"https:\/\/amidci.org\/?page_id=2870\" \/>\n<meta property=\"og:site_name\" content=\"Asociaci\u00f3n Mexicana De Investigadores Digitales de Ciberseguridad en Internet.\" \/>\n<meta property=\"article:publisher\" content=\"https:\/\/www.facebook.com\/OficialAMIDCI\" \/>\n<meta property=\"article:modified_time\" content=\"2026-04-03T23:38:05+00:00\" \/>\n<meta name=\"twitter:card\" content=\"summary_large_image\" \/>\n<meta name=\"twitter:site\" content=\"@OficialAMIDCI\" \/>\n<meta name=\"twitter:label1\" content=\"Tiempo de lectura\" \/>\n\t<meta name=\"twitter:data1\" content=\"2 minutos\" \/>\n<script type=\"application\/ld+json\" class=\"yoast-schema-graph\">{\"@context\":\"https:\/\/schema.org\",\"@graph\":[{\"@type\":\"WebPage\",\"@id\":\"https:\/\/amidci.org\/?page_id=2870\",\"url\":\"https:\/\/amidci.org\/?page_id=2870\",\"name\":\"Aviso de privacidad - Asociaci\u00f3n Mexicana De Investigadores Digitales de Ciberseguridad en Internet.\",\"isPartOf\":{\"@id\":\"https:\/\/amidci.org\/#website\"},\"datePublished\":\"2026-04-03T22:41:44+00:00\",\"dateModified\":\"2026-04-03T23:38:05+00:00\",\"breadcrumb\":{\"@id\":\"https:\/\/amidci.org\/?page_id=2870#breadcrumb\"},\"inLanguage\":\"es-MX\",\"potentialAction\":[{\"@type\":\"ReadAction\",\"target\":[\"https:\/\/amidci.org\/?page_id=2870\"]}]},{\"@type\":\"BreadcrumbList\",\"@id\":\"https:\/\/amidci.org\/?page_id=2870#breadcrumb\",\"itemListElement\":[{\"@type\":\"ListItem\",\"position\":1,\"name\":\"Inicio\",\"item\":\"https:\/\/amidci.org\/\"},{\"@type\":\"ListItem\",\"position\":2,\"name\":\"Aviso de privacidad\"}]},{\"@type\":\"WebSite\",\"@id\":\"https:\/\/amidci.org\/#website\",\"url\":\"https:\/\/amidci.org\/\",\"name\":\"Asociaci\u00f3n Mexicana De Investigadores Digitales de Ciberseguridad en Internet.\",\"description\":\"Somos AMIDCI, una Asociaci\u00f3n Mexicana de Investigadores Digitales de Ciberseguridad que te ayudara a identificar, preservar y analizar pruebas digitales para casos penales y civiles. Entra y Cons\u00faltanos.\",\"publisher\":{\"@id\":\"https:\/\/amidci.org\/#organization\"},\"potentialAction\":[{\"@type\":\"SearchAction\",\"target\":{\"@type\":\"EntryPoint\",\"urlTemplate\":\"https:\/\/amidci.org\/?s={search_term_string}\"},\"query-input\":\"required name=search_term_string\"}],\"inLanguage\":\"es-MX\"},{\"@type\":\"Organization\",\"@id\":\"https:\/\/amidci.org\/#organization\",\"name\":\"Asociaci\u00f3n Mexicana De Investigadores Digitales de Ciberseguridad en Internet.\",\"url\":\"https:\/\/amidci.org\/\",\"logo\":{\"@type\":\"ImageObject\",\"inLanguage\":\"es-MX\",\"@id\":\"https:\/\/amidci.org\/#\/schema\/logo\/image\/\",\"url\":\"https:\/\/amidci.org\/wp-content\/uploads\/2023\/11\/cropped-cropped-logo.jpg\",\"contentUrl\":\"https:\/\/amidci.org\/wp-content\/uploads\/2023\/11\/cropped-cropped-logo.jpg\",\"width\":500,\"height\":425,\"caption\":\"Asociaci\u00f3n Mexicana De Investigadores Digitales de Ciberseguridad en Internet.\"},\"image\":{\"@id\":\"https:\/\/amidci.org\/#\/schema\/logo\/image\/\"},\"sameAs\":[\"https:\/\/www.facebook.com\/OficialAMIDCI\",\"https:\/\/twitter.com\/OficialAMIDCI\",\"https:\/\/www.youtube.com\/@OficialAMIDCI\",\"https:\/\/www.tiktok.com\/@OficialAMIDCI\",\"https:\/\/www.instagram.com\/oficial_amidci\"]}]}<\/script>\n<!-- \/ Yoast SEO plugin. -->","yoast_head_json":{"title":"Aviso de privacidad - Asociaci\u00f3n Mexicana De Investigadores Digitales de Ciberseguridad en Internet.","robots":{"index":"index","follow":"follow","max-snippet":"max-snippet:-1","max-image-preview":"max-image-preview:large","max-video-preview":"max-video-preview:-1"},"canonical":"https:\/\/amidci.org\/?page_id=2870","og_locale":"es_MX","og_type":"article","og_title":"Aviso de privacidad - Asociaci\u00f3n Mexicana De Investigadores Digitales de Ciberseguridad en Internet.","og_description":"AVISO DE PRIVACIDAD INTEGRAL \u2013 AMIDCI 1. Identidad y Domicilio del Responsable La Asociaci\u00f3n Mexicana de Investigadores Digitales (AMIDCI), con domicilio en Chalco estado de M\u00e9xico, es responsable del uso y protecci\u00f3n de sus datos personales. 2. Datos Personales que recabamos Para llevar a cabo las finalidades descritas en este aviso, utilizaremos las siguientes categor\u00edas &hellip; Aviso de privacidad Leer m\u00e1s &raquo;","og_url":"https:\/\/amidci.org\/?page_id=2870","og_site_name":"Asociaci\u00f3n Mexicana De Investigadores Digitales de Ciberseguridad en Internet.","article_publisher":"https:\/\/www.facebook.com\/OficialAMIDCI","article_modified_time":"2026-04-03T23:38:05+00:00","twitter_card":"summary_large_image","twitter_site":"@OficialAMIDCI","twitter_misc":{"Tiempo de lectura":"2 minutos"},"schema":{"@context":"https:\/\/schema.org","@graph":[{"@type":"WebPage","@id":"https:\/\/amidci.org\/?page_id=2870","url":"https:\/\/amidci.org\/?page_id=2870","name":"Aviso de privacidad - Asociaci\u00f3n Mexicana De Investigadores Digitales de Ciberseguridad en Internet.","isPartOf":{"@id":"https:\/\/amidci.org\/#website"},"datePublished":"2026-04-03T22:41:44+00:00","dateModified":"2026-04-03T23:38:05+00:00","breadcrumb":{"@id":"https:\/\/amidci.org\/?page_id=2870#breadcrumb"},"inLanguage":"es-MX","potentialAction":[{"@type":"ReadAction","target":["https:\/\/amidci.org\/?page_id=2870"]}]},{"@type":"BreadcrumbList","@id":"https:\/\/amidci.org\/?page_id=2870#breadcrumb","itemListElement":[{"@type":"ListItem","position":1,"name":"Inicio","item":"https:\/\/amidci.org\/"},{"@type":"ListItem","position":2,"name":"Aviso de privacidad"}]},{"@type":"WebSite","@id":"https:\/\/amidci.org\/#website","url":"https:\/\/amidci.org\/","name":"Asociaci\u00f3n Mexicana De Investigadores Digitales de Ciberseguridad en Internet.","description":"Somos AMIDCI, una Asociaci\u00f3n Mexicana de Investigadores Digitales de Ciberseguridad que te ayudara a identificar, preservar y analizar pruebas digitales para casos penales y civiles. Entra y Cons\u00faltanos.","publisher":{"@id":"https:\/\/amidci.org\/#organization"},"potentialAction":[{"@type":"SearchAction","target":{"@type":"EntryPoint","urlTemplate":"https:\/\/amidci.org\/?s={search_term_string}"},"query-input":"required name=search_term_string"}],"inLanguage":"es-MX"},{"@type":"Organization","@id":"https:\/\/amidci.org\/#organization","name":"Asociaci\u00f3n Mexicana De Investigadores Digitales de Ciberseguridad en Internet.","url":"https:\/\/amidci.org\/","logo":{"@type":"ImageObject","inLanguage":"es-MX","@id":"https:\/\/amidci.org\/#\/schema\/logo\/image\/","url":"https:\/\/amidci.org\/wp-content\/uploads\/2023\/11\/cropped-cropped-logo.jpg","contentUrl":"https:\/\/amidci.org\/wp-content\/uploads\/2023\/11\/cropped-cropped-logo.jpg","width":500,"height":425,"caption":"Asociaci\u00f3n Mexicana De Investigadores Digitales de Ciberseguridad en Internet."},"image":{"@id":"https:\/\/amidci.org\/#\/schema\/logo\/image\/"},"sameAs":["https:\/\/www.facebook.com\/OficialAMIDCI","https:\/\/twitter.com\/OficialAMIDCI","https:\/\/www.youtube.com\/@OficialAMIDCI","https:\/\/www.tiktok.com\/@OficialAMIDCI","https:\/\/www.instagram.com\/oficial_amidci"]}]}},"_links":{"self":[{"href":"https:\/\/amidci.org\/index.php?rest_route=\/wp\/v2\/pages\/2870"}],"collection":[{"href":"https:\/\/amidci.org\/index.php?rest_route=\/wp\/v2\/pages"}],"about":[{"href":"https:\/\/amidci.org\/index.php?rest_route=\/wp\/v2\/types\/page"}],"author":[{"embeddable":true,"href":"https:\/\/amidci.org\/index.php?rest_route=\/wp\/v2\/users\/1"}],"replies":[{"embeddable":true,"href":"https:\/\/amidci.org\/index.php?rest_route=%2Fwp%2Fv2%2Fcomments&post=2870"}],"version-history":[{"count":5,"href":"https:\/\/amidci.org\/index.php?rest_route=\/wp\/v2\/pages\/2870\/revisions"}],"predecessor-version":[{"id":2877,"href":"https:\/\/amidci.org\/index.php?rest_route=\/wp\/v2\/pages\/2870\/revisions\/2877"}],"wp:attachment":[{"href":"https:\/\/amidci.org\/index.php?rest_route=%2Fwp%2Fv2%2Fmedia&parent=2870"}],"curies":[{"name":"wp","href":"https:\/\/api.w.org\/{rel}","templated":true}]}}